{"id":12,"date":"2019-05-29T08:42:25","date_gmt":"2019-05-29T06:42:25","guid":{"rendered":"http:\/\/udesigntheme.com\/demos-for-export\/ufit\/?page_id=12"},"modified":"2024-08-06T16:00:22","modified_gmt":"2024-08-06T14:00:22","slug":"kapcsolat","status":"publish","type":"page","link":"https:\/\/vivoterem.hu\/de\/kapcsolat\/","title":{"rendered":"Beziehung"},"content":{"rendered":"[vc_row][vc_column][vc_column_text css_animation=&#8220;appear&#8220;]\n<h3>Kontakt<\/h3>\n<h5 style=\"color: #e42e04;\">Kontaktieren Sie uns auch \u00fcber unser Formular.<\/h5>\n[\/vc_column_text][\/vc_column][\/vc_row][vc_row][vc_column width=&#8220;1\/2&#8243; css=&#8220;.vc_custom_1469799079964{padding-top: 20px !important;}&#8220;]\n<div class=\"wpcf7 no-js\" id=\"wpcf7-f506-o3\" lang=\"hu-HU\" dir=\"ltr\" data-wpcf7-id=\"506\">\n<div class=\"screen-reader-response\"><p role=\"status\" aria-live=\"polite\" aria-atomic=\"true\"><\/p> <ul><\/ul><\/div>\n<form action=\"\/de\/wp-json\/wp\/v2\/pages\/12#wpcf7-f506-o3\" method=\"post\" class=\"wpcf7-form init\" aria-label=\"Kapcsolatfelv\u00e9teli \u0171rlap\" novalidate=\"novalidate\" data-status=\"init\">\n<fieldset class=\"hidden-fields-container\"><input type=\"hidden\" name=\"_wpcf7\" value=\"506\" \/><input type=\"hidden\" name=\"_wpcf7_version\" value=\"6.1.4\" \/><input type=\"hidden\" name=\"_wpcf7_locale\" value=\"hu_HU\" \/><input type=\"hidden\" name=\"_wpcf7_unit_tag\" value=\"wpcf7-f506-o3\" \/><input type=\"hidden\" name=\"_wpcf7_container_post\" value=\"0\" \/><input type=\"hidden\" name=\"_wpcf7_posted_data_hash\" value=\"\" \/><input type=\"hidden\" name=\"_wpcf7_recaptcha_response\" value=\"\" \/>\n<\/fieldset>\n<p><label> Name (Pflichtfeld)<br \/>\n<span class=\"wpcf7-form-control-wrap\" data-name=\"your-name\"><input size=\"40\" maxlength=\"400\" class=\"wpcf7-form-control wpcf7-text wpcf7-validates-as-required\" aria-required=\"true\" aria-invalid=\"false\" value=\"\" type=\"text\" name=\"your-name\" \/><\/span> <\/label>\n<\/p>\n<p><label> Email (Pflichtfeld)<br \/>\n<span class=\"wpcf7-form-control-wrap\" data-name=\"your-email\"><input size=\"40\" maxlength=\"400\" class=\"wpcf7-form-control wpcf7-email wpcf7-validates-as-required wpcf7-text wpcf7-validates-as-email\" aria-required=\"true\" aria-invalid=\"false\" value=\"\" type=\"email\" name=\"your-email\" \/><\/span> <\/label>\n<\/p>\n<p><label> Thema<br \/>\n<span class=\"wpcf7-form-control-wrap\" data-name=\"your-subject\"><input size=\"40\" maxlength=\"400\" class=\"wpcf7-form-control wpcf7-text\" aria-invalid=\"false\" value=\"\" type=\"text\" name=\"your-subject\" \/><\/span> <\/label>\n<\/p>\n<p><label> Nachricht<br \/>\n<span class=\"wpcf7-form-control-wrap\" data-name=\"your-message\"><textarea cols=\"40\" rows=\"10\" maxlength=\"2000\" class=\"wpcf7-form-control wpcf7-textarea\" aria-invalid=\"false\" name=\"your-message\"><\/textarea><\/span> <\/label>\n<\/p>\n<span class=\"wpcf7-form-control-wrap recaptcha\" data-name=\"recaptcha\"><span data-sitekey=\"6LeZOYMUAAAAAOtxcqtTNY7ucuOlQ3W2jbDbmwJn\" class=\"wpcf7-form-control wpcf7-recaptcha g-recaptcha\"><\/span>\r\n<noscript>\r\n\t<div class=\"grecaptcha-noscript\">\r\n\t\t<iframe loading=\"lazy\" src=\"https:\/\/www.google.com\/recaptcha\/api\/fallback?k=6LeZOYMUAAAAAOtxcqtTNY7ucuOlQ3W2jbDbmwJn\" frameborder=\"0\" scrolling=\"no\" width=\"310\" height=\"430\">\r\n\t\t<\/iframe>\r\n\t\t<textarea name=\"g-recaptcha-response\" rows=\"3\" cols=\"40\" placeholder=\"reCaptcha Response Here\">\r\n\t\t<\/textarea>\r\n\t<\/div>\r\n<\/noscript>\r\n<\/span>\n<p><input class=\"wpcf7-form-control wpcf7-submit has-spinner\" type=\"submit\" value=\"OK\" \/>\n<\/p><input type='hidden' class='wpcf7-pum' value='{\"closepopup\":false,\"closedelay\":0,\"openpopup\":false,\"openpopup_id\":0}' \/><div class=\"wpcf7-response-output\" aria-hidden=\"true\"><\/div>\n<\/form>\n<\/div>\n[\/vc_column][vc_column width=&#8220;1\/2&#8243; css=&#8220;.vc_custom_1469799084363{padding-top: 20px !important;}&#8220;][vc_column_text css_animation=&#8220;bottom-to-top&#8220;]\n<h3>Belv\u00e1rosi V\u00edv\u00f3 Sportegyes\u00fclet<br \/>\nStadt Fechten Club<\/h3>\n<p><strong>Adresse:<\/strong> Budapest, Palotanegyed, 1088, Kr\u00fady Stra\u00dfe 3.<\/p>\n<p><strong>Telefon:<\/strong> + 36 30 936 4830<br \/>\n<strong>Email:<\/strong>\u00a0cityfencingclub@gmail.com<br \/>\n<strong>Facebook:<\/strong>\u00a0<a title=\"Facebook\" href=\"http:\/\/www.facebook.com\/pages\/OSC-v%C3%ADv%C3%B3terem\/179373135478092\" target=\"blank\" rel=\"noopener noreferrer\">facebook.com\/pages\/v\u00edv\u00f3terem<\/a><br \/>\n<strong>Web:<\/strong> <a title=\"Web\" href=\"https:\/\/vivoterem.hu\/\">vivoterem.hu<\/a>[\/vc_column_text][\/vc_column][\/vc_row][vc_row full_width=&#8220;stretch_row_content_no_spaces&#8220; el_id=&#8220;hero&#8220;][vc_column][vc_gmaps link=&#8220;#E-8_JTNDaWZyYW1lJTIwc3JjJTNEJTIyaHR0cHMlM0ElMkYlMkZ3d3cuZ29vZ2xlLmNvbSUyRm1hcHMlMkZlbWJlZCUzRnBiJTNEJTIxMW0xOCUyMTFtMTIlMjExbTMlMjExZDI2OTYuMDA2ODUwODg2MjElMjEyZDE5LjA2NTA1MTIxNTQ0NzQ2NSUyMTNkNDcuNDg5Nzc5OTA0MDMzOTklMjEybTMlMjExZjAlMjEyZjAlMjEzZjAlMjEzbTIlMjExaTEwMjQlMjEyaTc2OCUyMTRmMTMuMSUyMTNtMyUyMTFtMiUyMTFzMHg0NzQxZGM1OTYxMzFiNjg5JTI1M0EweGMwM2FmOWE1Y2ZlZjg4N2ElMjEyc0J1ZGFwZXN0JTI1MkMlMkJLciUyNUMzJTI1QkFkeSUyQkd5dWxhJTJCdS4lMkIzJTI1MkMlMkIxMDg4JTIxNWUwJTIxM20yJTIxMXNodSUyMTJzaHUlMjE0djE1NTkxMzgyMjE3MTIlMjE1bTIlMjExc2h1JTIxMnNodSUyMiUyMHdpZHRoJTNEJTIyMTkyMCUyMiUyMGhlaWdodCUzRCUyMjY1MCUyMiUyMGZyYW1lYm9yZGVyJTNEJTIyMCUyMiUyMHN0eWxlJTNEJTIyYm9yZGVyJTNBMCUyMiUyMGFsbG93ZnVsbHNjcmVlbiUzRSUzQyUyRmlmcmFtZSUzRQ==&#8220;][\/vc_column][\/vc_row]","protected":false},"excerpt":{"rendered":"<p>[vc_row][vc_column][vc_column_text css_animation=&#8220;appear&#8220;] Kontakt Kontaktieren Sie uns auch \u00fcber unser Formular. [\/vc_column_text][\/vc_column][\/vc_row][vc_row][vc_column width=&#8220;1\/2&#8243; css=&#8220;.vc_custom_1469799079964{padding-top: 20px !important;}&#8220;][\/vc_column][vc_column width=&#8220;1\/2&#8243; css=&#8220;.vc_custom_1469799084363{padding-top: 20px !important;}&#8220;][vc_column_text css_animation=&#8220;bottom-to-top&#8220;]<\/p>\n","protected":false},"author":1,"featured_media":0,"parent":0,"menu_order":0,"comment_status":"closed","ping_status":"closed","template":"","meta":{"footnotes":""},"class_list":["post-12","page","type-page","status-publish","hentry"],"_links":{"self":[{"href":"https:\/\/vivoterem.hu\/de\/wp-json\/wp\/v2\/pages\/12","targetHints":{"allow":["GET"]}}],"collection":[{"href":"https:\/\/vivoterem.hu\/de\/wp-json\/wp\/v2\/pages"}],"about":[{"href":"https:\/\/vivoterem.hu\/de\/wp-json\/wp\/v2\/types\/page"}],"author":[{"embeddable":true,"href":"https:\/\/vivoterem.hu\/de\/wp-json\/wp\/v2\/users\/1"}],"replies":[{"embeddable":true,"href":"https:\/\/vivoterem.hu\/de\/wp-json\/wp\/v2\/comments?post=12"}],"version-history":[{"count":28,"href":"https:\/\/vivoterem.hu\/de\/wp-json\/wp\/v2\/pages\/12\/revisions"}],"predecessor-version":[{"id":693,"href":"https:\/\/vivoterem.hu\/de\/wp-json\/wp\/v2\/pages\/12\/revisions\/693"}],"wp:attachment":[{"href":"https:\/\/vivoterem.hu\/de\/wp-json\/wp\/v2\/media?parent=12"}],"curies":[{"name":"wp","href":"https:\/\/api.w.org\/{rel}","templated":true}]}}