{"id":221,"date":"2016-05-20T08:41:50","date_gmt":"2016-05-20T06:41:50","guid":{"rendered":"http:\/\/udesigntheme.com\/demos-for-export\/ufit\/?page_id=4"},"modified":"2025-12-02T14:04:45","modified_gmt":"2025-12-02T12:04:45","slug":"ufit-home","status":"publish","type":"page","link":"https:\/\/vivoterem.hu\/de\/","title":{"rendered":"Fechten"},"content":{"rendered":"[vc_row full_width=&#8220;stretch_row&#8220; full_height=&#8220;yes&#8220; css=&#8220;.vc_custom_1564560086945{background-image: url(https:\/\/vivoterem.hu\/wp-content\/uploads\/2019\/06\/v\u00edv\u00f3terem.jpg?id=424) !important;background-position: center !important;background-repeat: no-repeat !important;background-size: cover !important;}&#8220; el_id=&#8220;hero&#8220;][vc_column width=&#8220;1\/2&#8243;][\/vc_column][vc_column width=&#8220;1\/2&#8243;][vc_single_image image=&#8220;421&#8243; img_size=&#8220;large&#8220; css_animation=&#8220;fadeInRight&#8220;][\/vc_column][\/vc_row][vc_row full_width=&#8220;stretch_row&#8220; equal_height=&#8220;yes&#8220; content_placement=&#8220;middle&#8220; css=&#8220;.vc_custom_1558940127402{background-color: #fcfa2c !important;}&#8220;][vc_column width=&#8220;1\/3&#8243; css=&#8220;.vc_custom_1469784816130{border-right-width: 1px !important;border-left-width: 1px !important;border-left-color: #ffffff !important;border-left-style: solid !important;border-right-color: #ffffff !important;border-right-style: solid !important;}&#8220;][vc_single_image image=&#8220;22&#8243; img_size=&#8220;full&#8220; alignment=&#8220;center&#8220; css_animation=&#8220;appear&#8220; css=&#8220;.vc_custom_1469799586818{margin-bottom: 15px !important;}&#8220;][vc_column_text css_animation=&#8220;appear&#8220;]\n<h4 style=\"text-align: center; color: #000;\"><span style=\"color: #000000;\"><a style=\"color: #000000;\" href=\"https:\/\/vivoterem.hu\/vivasformak\/\">V\u00edv\u00e1sform\u00e1k<\/a><\/span><\/h4>\n[\/vc_column_text][\/vc_column][vc_column width=&#8220;1\/3&#8243; css=&#8220;.vc_custom_1469784930159{border-right-width: 1px !important;border-left-width: 1px !important;border-left-color: #ffffff !important;border-left-style: solid !important;border-right-color: #ffffff !important;border-right-style: solid !important;}&#8220;][vc_single_image image=&#8220;23&#8243; img_size=&#8220;full&#8220; alignment=&#8220;center&#8220; css_animation=&#8220;appear&#8220; css=&#8220;.vc_custom_1469799598461{margin-bottom: 15px !important;}&#8220;][vc_column_text css_animation=&#8220;appear&#8220;]\n<h4 style=\"text-align: center; color: #000;\"><span style=\"color: #000000;\"><a style=\"color: #000000;\" href=\"https:\/\/vivoterem.hu\/vivomagazin\/\">V\u00edv\u00f3magazin<\/a><\/span><\/h4>\n[\/vc_column_text][\/vc_column][vc_column width=&#8220;1\/3&#8243; css=&#8220;.vc_custom_1469784941391{border-right-width: 1px !important;border-left-width: 1px !important;border-left-color: #ffffff !important;border-left-style: solid !important;border-right-color: #ffffff !important;border-right-style: solid !important;}&#8220;][vc_single_image image=&#8220;24&#8243; img_size=&#8220;full&#8220; alignment=&#8220;center&#8220; css_animation=&#8220;appear&#8220; css=&#8220;.vc_custom_1469799609959{margin-bottom: 15px !important;}&#8220;][vc_column_text css_animation=&#8220;appear&#8220;]\n<h4 style=\"text-align: center; color: #000;\"><span style=\"color: #000000;\"><a style=\"color: #000000;\" href=\"https:\/\/vivoterem.hu\/versenyek\/\">Versenyek<\/a><\/span><\/h4>\n[\/vc_column_text][\/vc_column][\/vc_row][vc_row full_width=&#8220;stretch_row&#8220; css=&#8220;.vc_custom_1469785400363{margin-bottom: 0px !important;padding-top: 30px !important;background-color: #000000 !important;}&#8220;][vc_column][vc_column_text css=&#8220;.vc_custom_1559727055310{margin-bottom: 0px !important;}&#8220;]\n<h3 style=\"text-align: center;\">Sportt\u00e1 szel\u00edd\u00fclt harc:<\/h3>\n<h5 style=\"text-align: center; color: #dbdb00;\"><span style=\"color: #fcfa2c;\">ez a v\u00edv\u00e1s.<\/span><\/h5>\n[\/vc_column_text][\/vc_column][vc_column width=&#8220;1\/2&#8243;][vc_column_text css_animation=&#8220;bottom-to-top&#8220; css=&#8220;.vc_custom_1559726939143{margin-top: 100px !important;}&#8220;]\n<h4>K\u00f6vess Minket!<\/h4>\n[\/vc_column_text][vc_raw_html]JTNDZGl2JTIwY2xhc3MlM0QlMjJmYi1wYWdlJTIwd3MtZmItbGlrZS1ib3glMjIlMjBkYXRhLWhyZWYlM0QlMjJodHRwcyUzQSUyRiUyRnd3dy5mYWNlYm9vay5jb20lMkZCZWx2JTI1QzMlMjVBMXJvc2ktViUyNUMzJTI1QUR2JTI1QzMlMjVCMy1TcG9ydGVneWVzJTI1QzMlMjVCQ2xldC0xMjQ1NDIyNzE0ODU3OTglMkYlMjIlMjAlMEFkYXRhLXRhYnMlM0QlMjJ0aW1lbGluZSUyMiUyMCUwQWRhdGEtd2lkdGglM0QlMjIlMjIlMjAlMEFkYXRhLWhlaWdodCUzRCUyMjUwMCUyMiUwQWRhdGEtc21hbGwtaGVhZGVyJTNEJTIyZmFsc2UlMjIlMjAlMEFkYXRhLWFkYXB0LWNvbnRhaW5lci13aWR0aCUzRCUyMmZhbHNlJTIyJTIwJTBBZGF0YS1oaWRlLWNvdmVyJTNEJTIyZmFsc2UlMjIlMEFkYXRhLXNob3ctZmFjZXBpbGUlM0QlMjJ0cnVlJTIyJTNFJTBBJTNDZGl2JTIwY2xhc3MlM0QlMjJmYi14ZmJtbC1wYXJzZS1pZ25vcmUlMjIlM0UlMEElM0NibG9ja3F1b3RlJTIwY2l0ZSUzRCUyMmh0dHBzJTNBJTJGJTJGd3d3LmZhY2Vib29rLmNvbSUyRnZpdm90ZXJlbSUyMiUzRSUzQ2ElMjBocmVmJTNEJTIyaHR0cHMlM0ElMkYlMkZ3d3cuZmFjZWJvb2suY29tJTJGQmVsdiUyNUMzJTI1QTFyb3NpLVYlMjVDMyUyNUFEdiUyNUMzJTI1QjMtU3BvcnRlZ3llcyUyNUMzJTI1QkNsZXQtMTI0NTQyMjcxNDg1Nzk4JTJGJTIyJTNFRmFjZWJvb2slM0MlMkZhJTNFJTNDJTJGYmxvY2txdW90ZSUzRSUzQyUyRmRpdiUzRSUzQyUyRmRpdiUzRSUyMCUzQ2RpdiUyMGlkJTNEJTIyZmItcm9vdCUyMiUzRSUzQyUyRmRpdiUzRSUwQSUzQ3NjcmlwdCUzRSUyOGZ1bmN0aW9uJTI4ZCUyQyUyMHMlMkMlMjBpZCUyOSUyMCU3QiUwQSUyMHZhciUyMGpzJTJDJTIwZmpzJTIwJTNEJTIwZC5nZXRFbGVtZW50c0J5VGFnTmFtZSUyOHMlMjklNUIwJTVEJTNCJTBBaWYlMjAlMjhkLmdldEVsZW1lbnRCeUlkJTI4aWQlMjklMjklMjByZXR1cm4lM0IlMEFqcyUyMCUzRCUyMGQuY3JlYXRlRWxlbWVudCUyOHMlMjklM0IlMjBqcy5pZCUyMCUzRCUyMGlkJTNCJTBBJTA5JTA5JTA5JTA5JTA5JTIwJTIwanMuc3JjJTIwJTNEJTIwJTIyJTJGJTJGY29ubmVjdC5mYWNlYm9vay5uZXQlMkZodV9IVSUyRnNkay5qcyUyM3hmYm1sJTNEMSUyNnZlcnNpb24lM0R2Mi42JTIyJTNCJTBBJTA5JTA5JTA5JTA5JTA5JTIwJTIwZmpzLnBhcmVudE5vZGUuaW5zZXJ0QmVmb3JlJTI4anMlMkMlMjBmanMlMjklM0IlMEElMDklMDklMDklMDklMDklN0QlMjhkb2N1bWVudCUyQyUyMCUyN3NjcmlwdCUyNyUyQyUyMCUyN2ZhY2Vib29rLWpzc2RrJTI3JTI5JTI5JTNCJTNDJTJGc2NyaXB0JTNF[\/vc_raw_html][vc_single_image image=&#8220;312&#8243; img_size=&#8220;full&#8220; alignment=&#8220;center&#8220; css_animation=&#8220;fadeIn&#8220;][\/vc_column][vc_column width=&#8220;1\/2&#8243;][vc_column_text css_animation=&#8220;bottom-to-top&#8220; css=&#8220;.vc_custom_1558943122276{margin-top: 100px !important;}&#8220;]\n<h4>A v\u00edv\u00e1sr\u00f3l:<\/h4>\n[\/vc_column_text][vc_column_text css_animation=&#8220;bottom-to-top&#8220; css=&#8220;.vc_custom_1583420247000{border-left-width: 3px !important;padding-left: 30px !important;border-left-color: #dbdb00 !important;border-left-style: solid !important;}&#8220;]\n<p style=\"text-align: justify;\">A v\u00edv\u00e1s az egyik leggyorsabb atletikus k\u00fczdelem, amelynek \u00e9rdekess\u00e9ge, hogy nem a test k\u00fczd a test ellen,hanem a fegyver a fegyver ellen. Persze a c\u00e9l, hogy a fegyverrel a m\u00e1sik test\u00e9n tal\u00e1latot \u00e9rj\u00fcnk el. A v\u00edv\u00f3teremben ehhez egy 14 m hossz\u00fa \u00e9s 1,8-2 m sz\u00e9les ter\u00fclet, a p\u00e1st \u00e1ll rendelkez\u00e9sre. A v\u00edv\u00e1s hagyom\u00e1nyosan lovagias sport is, \u00e9ppen ez\u00e9rt az etikettnek mind a mai napig fontos szerepe van a m\u00e9rk\u0151z\u00e9sekn\u00e9l. Minden assz\u00f3 megkezd\u00e9se el\u0151tt a v\u00edv\u00f3k f\u00f6lemelt fegyverrel tisztelegnek az ellenf\u00e9lnek, a b\u00edr\u00f3nak \u00e9s a k\u00f6z\u00f6ns\u00e9gnek. Az assz\u00f3 befejezt\u00e9vel fegyvertelen k\u00e9zzel val\u00f3 k\u00e9zfog\u00e1ssal k\u00f6sz\u00f6nik meg egym\u00e1snak a k\u00fczdelmet. Mind a tisztelg\u00e9s, mind pedig az assz\u00f3 v\u00e9g\u00e9n a k\u00e9zfog\u00e1s elmulaszt\u00e1sa s\u00falyos fegyelmi v\u00e9ts\u00e9gnek sz\u00e1m\u00edt, mely a versenyb\u0151l val\u00f3 kiz\u00e1r\u00e1st vonja maga ut\u00e1n.<\/p>\n<p style=\"text-align: justify;\"><strong>Ir\u00e1ny a HOBBI \u00e9s VERSENY v\u00edv\u00e1s!<\/strong> Vegy\u00e9l r\u00e9szt ennek a sz\u00e9p sportnak az elsaj\u00e1t\u00edt\u00e1s\u00e1ban ak\u00e1r gyerekk\u00e9nt, mint leend\u0151 olimpikon, vagy mint kamasz, akit nem vesznek be a versenyszf\u00e9r\u00e1j\u00fa egyes\u00fcletek, vagy mint feln\u0151tt, aki a munka ut\u00e1n levezeti a napj\u00e1t&#8230; M\u00e1r 10 perc alatt olyan adrenalin szintet \u00e9rhetsz el, hogy elfelejted minden gondod-bajod&#8230; ha van \ud83d\ude42 P\u00e9ld\u00e1ul, ha azt \u00e9rzed, pattan\u00e1sig fesz\u00fcltek az idegeid, n\u00e1lunk levezetheted fesz\u00fclts\u00e9gedet, egy &#8218;igazi fegyveres, de persze tisztess\u00e9ges k\u00fczdelemmel.&#8216; \u00c9s ut\u00e1na, amikor m\u00e1r elm\u00falt a fesz\u00fclts\u00e9g a vil\u00e1g \u00f6sszes gondj\u00e1val-baj\u00e1val egy\u00fctt \u00e9s kellemesen elf\u00e1radt\u00e1l p\u00e1rbaj &#8218;ellenfeleiddel&#8216;, akik id\u0151k\u00f6zben a bar\u00e1taid lesznek, elk\u00f6ltesz egy levezet\u0151 besz\u00e9lget\u00e9st a klubban, ahol minden h\u00f3napban k\u00e9tszer rendez\u00fcnk h\u00e1ziversenyt vacsor\u00e1val egybek\u00f6tve.<\/p>\n<p>EN GARDE!<\/p>\n<p>Keress minket telefonon vagy e-mailben.[\/vc_column_text][\/vc_column][\/vc_row]\n","protected":false},"excerpt":{"rendered":"<p>[vc_row full_width=&#8220;stretch_row&#8220; full_height=&#8220;yes&#8220; css=&#8220;.vc_custom_1564560086945{background-image: url(https:\/\/vivoterem.hu\/wp-content\/uploads\/2019\/06\/v\u00edv\u00f3terem.jpg?id=424) !important;background-position: center !important;background-repeat: no-repeat !important;background-size: cover !important;}&#8220; el_id=&#8220;hero&#8220;][vc_column width=&#8220;1\/2&#8243;][\/vc_column][vc_column width=&#8220;1\/2&#8243;][vc_single_image image=&#8220;421&#8243; img_size=&#8220;large&#8220; css_animation=&#8220;fadeInRight&#8220;][\/vc_column][\/vc_row][vc_row full_width=&#8220;stretch_row&#8220; equal_height=&#8220;yes&#8220;<\/p>\n","protected":false},"author":1,"featured_media":0,"parent":0,"menu_order":0,"comment_status":"closed","ping_status":"closed","template":"","meta":{"footnotes":""},"class_list":["post-221","page","type-page","status-publish","hentry"],"_links":{"self":[{"href":"https:\/\/vivoterem.hu\/de\/wp-json\/wp\/v2\/pages\/221","targetHints":{"allow":["GET"]}}],"collection":[{"href":"https:\/\/vivoterem.hu\/de\/wp-json\/wp\/v2\/pages"}],"about":[{"href":"https:\/\/vivoterem.hu\/de\/wp-json\/wp\/v2\/types\/page"}],"author":[{"embeddable":true,"href":"https:\/\/vivoterem.hu\/de\/wp-json\/wp\/v2\/users\/1"}],"replies":[{"embeddable":true,"href":"https:\/\/vivoterem.hu\/de\/wp-json\/wp\/v2\/comments?post=221"}],"version-history":[{"count":58,"href":"https:\/\/vivoterem.hu\/de\/wp-json\/wp\/v2\/pages\/221\/revisions"}],"predecessor-version":[{"id":780,"href":"https:\/\/vivoterem.hu\/de\/wp-json\/wp\/v2\/pages\/221\/revisions\/780"}],"wp:attachment":[{"href":"https:\/\/vivoterem.hu\/de\/wp-json\/wp\/v2\/media?parent=221"}],"curies":[{"name":"wp","href":"https:\/\/api.w.org\/{rel}","templated":true}]}}