{"id":408,"date":"2019-06-05T11:08:04","date_gmt":"2019-06-05T09:08:04","guid":{"rendered":"https:\/\/vivoterem.hu\/?page_id=408"},"modified":"2025-11-14T10:41:01","modified_gmt":"2025-11-14T08:41:01","slug":"rolunk","status":"publish","type":"page","link":"https:\/\/vivoterem.hu\/de\/rolunk\/","title":{"rendered":"Gal\u00e9ria"},"content":{"rendered":"[vc_row gap=&#8220;10&#8243;][vc_column width=&#8220;3\/5&#8243;][vc_column_text css_animation=&#8220;fadeIn&#8220;]A <strong>Belv\u00e1rosi V\u00edv\u00f3 Sportegyes\u00fclet<\/strong> 2018 \u00e1prilis\u00e1ban nyitotta meg kapuit a <strong>Kr\u00fady utc\u00e1ban<\/strong>, a <strong>Palotanegyed<\/strong> sz\u00edv\u00e9ben, a s\u00e9t\u00e1l\u00f3utca k\u00f6zep\u00e9n. Term\u00fcnk egyed\u00fcl\u00e1ll\u00f3 hangulat\u00fa, modern, <strong>vezet\u00e9k n\u00e9lk\u00fcli, t\u00edzp\u00e1stos v\u00edv\u00f3terem<\/strong>, ahol a hagyom\u00e1nyos \u00e9rt\u00e9kek \u00e9s a korszer\u0171 technol\u00f3gia tal\u00e1lkozik.<\/p>\n<p>Edz\u0151ink <strong>sok\u00e9ves szakmai m\u00faltra, hazai \u00e9s nemzetk\u00f6zi eredm\u00e9nyekre<\/strong>, valamint <strong>olimpiai kerettags\u00e1gra<\/strong> tekintenek vissza, \u00edgy minden koroszt\u00e1ly \u00e9s tud\u00e1sszint biztos lehet abban, hogy <strong>j\u00f3 kezekben van<\/strong> \u2014 legyen sz\u00f3 a legkisebb kezd\u0151kr\u0151l, a <strong>veter\u00e1n visszat\u00e9r\u0151kr\u0151l<\/strong>, vagy azokr\u00f3l a feln\u0151ttekr\u0151l, akik csak most gondolj\u00e1k \u00fagy, hogy <strong>\u201citt az id\u0151 megtanulni v\u00edvni\u201d<\/strong>.<\/p>\n<p>C\u00e9lunk, hogy a v\u00edv\u00e1s mindenki sz\u00e1m\u00e1ra el\u00e9rhet\u0151 legyen: sportk\u00e9nt, k\u00f6z\u00f6ss\u00e9gk\u00e9nt \u00e9s \u00e9letformak\u00e9nt. A <strong>Belv\u00e1rosi<\/strong> csal\u00e1dias hangulat\u00fa, m\u00e9gis lend\u00fcletes k\u00f6z\u00f6ss\u00e9g, ahol a <strong>fejl\u0151d\u00e9s, a mozg\u00e1s \u00f6r\u00f6me \u00e9s a sport eleganci\u00e1ja<\/strong> egyszerre van jelen.<\/p>\n<p>Egy klub, egy k\u00f6z\u00f6ss\u00e9g, egy szenved\u00e9ly: a v\u00edv\u00e1s.<\/p>\n<h3>Gyere el, \u00e9s pr\u00f3b\u00e1ld ki a v\u00edv\u00e1st Budapest sz\u00edv\u00e9ben!<\/h3>\n[\/vc_column_text][\/vc_column][vc_column width=&#8220;2\/5&#8243;][vc_single_image image=&#8220;489&#8243; img_size=&#8220;large&#8220;][\/vc_column][\/vc_row]\n","protected":false},"excerpt":{"rendered":"<p>[vc_row gap=&#8220;10&#8243;][vc_column width=&#8220;3\/5&#8243;][vc_column_text css_animation=&#8220;fadeIn&#8220;]A Belv\u00e1rosi V\u00edv\u00f3 Sportegyes\u00fclet 2018 \u00e1prilis\u00e1ban nyitotta meg kapuit a Kr\u00fady utc\u00e1ban, a Palotanegyed sz\u00edv\u00e9ben, a s\u00e9t\u00e1l\u00f3utca<\/p>\n","protected":false},"author":1,"featured_media":0,"parent":0,"menu_order":0,"comment_status":"closed","ping_status":"closed","template":"","meta":{"footnotes":""},"class_list":["post-408","page","type-page","status-publish","hentry"],"_links":{"self":[{"href":"https:\/\/vivoterem.hu\/de\/wp-json\/wp\/v2\/pages\/408","targetHints":{"allow":["GET"]}}],"collection":[{"href":"https:\/\/vivoterem.hu\/de\/wp-json\/wp\/v2\/pages"}],"about":[{"href":"https:\/\/vivoterem.hu\/de\/wp-json\/wp\/v2\/types\/page"}],"author":[{"embeddable":true,"href":"https:\/\/vivoterem.hu\/de\/wp-json\/wp\/v2\/users\/1"}],"replies":[{"embeddable":true,"href":"https:\/\/vivoterem.hu\/de\/wp-json\/wp\/v2\/comments?post=408"}],"version-history":[{"count":22,"href":"https:\/\/vivoterem.hu\/de\/wp-json\/wp\/v2\/pages\/408\/revisions"}],"predecessor-version":[{"id":764,"href":"https:\/\/vivoterem.hu\/de\/wp-json\/wp\/v2\/pages\/408\/revisions\/764"}],"wp:attachment":[{"href":"https:\/\/vivoterem.hu\/de\/wp-json\/wp\/v2\/media?parent=408"}],"curies":[{"name":"wp","href":"https:\/\/api.w.org\/{rel}","templated":true}]}}