{"id":404,"date":"2019-06-05T11:07:17","date_gmt":"2019-06-05T09:07:17","guid":{"rendered":"https:\/\/vivoterem.hu\/?page_id=404"},"modified":"2019-06-05T11:07:17","modified_gmt":"2019-06-05T09:07:17","slug":"vivokonyv","status":"publish","type":"page","link":"https:\/\/vivoterem.hu\/en\/vivokonyv\/","title":{"rendered":"V\u00edv\u00f3k\u00f6nyv"},"content":{"rendered":"<p class=\"qtranxs-available-languages-message qtranxs-available-languages-message-en\">Sorry, this entry is only available in <a href=\"https:\/\/vivoterem.hu\/hu\/wp-json\/wp\/v2\/pages\/404\" class=\"qtranxs-available-language-link qtranxs-available-language-link-hu\" title=\"Magyar\">Magyar<\/a>.<\/p>","protected":false},"excerpt":{"rendered":"<p>Sorry, this entry is only available in Magyar.<\/p>\n","protected":false},"author":1,"featured_media":0,"parent":0,"menu_order":0,"comment_status":"closed","ping_status":"closed","template":"","meta":{"footnotes":""},"class_list":["post-404","page","type-page","status-publish","hentry"],"_links":{"self":[{"href":"https:\/\/vivoterem.hu\/en\/wp-json\/wp\/v2\/pages\/404","targetHints":{"allow":["GET"]}}],"collection":[{"href":"https:\/\/vivoterem.hu\/en\/wp-json\/wp\/v2\/pages"}],"about":[{"href":"https:\/\/vivoterem.hu\/en\/wp-json\/wp\/v2\/types\/page"}],"author":[{"embeddable":true,"href":"https:\/\/vivoterem.hu\/en\/wp-json\/wp\/v2\/users\/1"}],"replies":[{"embeddable":true,"href":"https:\/\/vivoterem.hu\/en\/wp-json\/wp\/v2\/comments?post=404"}],"version-history":[{"count":0,"href":"https:\/\/vivoterem.hu\/en\/wp-json\/wp\/v2\/pages\/404\/revisions"}],"wp:attachment":[{"href":"https:\/\/vivoterem.hu\/en\/wp-json\/wp\/v2\/media?parent=404"}],"curies":[{"name":"wp","href":"https:\/\/api.w.org\/{rel}","templated":true}]}}