{"id":8,"date":"2016-07-29T08:42:08","date_gmt":"2016-07-29T08:42:08","guid":{"rendered":"http:\/\/udesigntheme.com\/demos-for-export\/ufit\/?page_id=8"},"modified":"2025-12-10T19:08:51","modified_gmt":"2025-12-10T17:08:51","slug":"arak","status":"publish","type":"page","link":"https:\/\/vivoterem.hu\/en\/arak\/","title":{"rendered":"Prices"},"content":{"rendered":"[vc_row full_width=&#8221;stretch_row&#8221; css_animation=&#8221;fadeIn&#8221; css=&#8221;.vc_custom_1560412661149{background-color: #fcfa2c !important;}&#8221;][vc_column][vc_column_text]\n<h4><span style=\"color: #000000;\">Feln\u0151tt<\/span><\/h4>\n<p><span style=\"color: #000000;\">Tanfolyam<\/span>[\/vc_column_text][\/vc_column][\/vc_row][vc_row full_width=&#8221;stretch_row&#8221; css=&#8221;.vc_custom_1559209815139{padding-top: 50px !important;padding-bottom: 50px !important;}&#8221;][vc_column width=&#8221;2\/3&#8243;][vc_column_text]30 alkalomb\u00f3l \u00e1ll\u00f3 feln\u0151tt tanfolyam[\/vc_column_text][\/vc_column][vc_column width=&#8221;1\/3&#8243;][vc_column_text]\n<p style=\"text-align: justify;\"><strong>270.000 Ft \/ 30 alkalom<\/strong><br \/>\n( Lehet\u0151s\u00e9g van 10 alkalmank\u00e9nt is fizetni, az 3 x 100.000 Ft )<\/p>\n<p>Pecs\u00e9tel\u00e9s alkalmank\u00e9nt[\/vc_column_text][\/vc_column][\/vc_row][vc_row full_width=&#8221;stretch_row&#8221; css_animation=&#8221;fadeIn&#8221; css=&#8221;.vc_custom_1560412661149{background-color: #fcfa2c !important;}&#8221;][vc_column][vc_column_text]\n<h4><span style=\"color: #000000;\">1 alkalom<\/span><\/h4>\n[\/vc_column_text][\/vc_column][\/vc_row][vc_row full_width=&#8221;stretch_row&#8221; css=&#8221;.vc_custom_1559209815139{padding-top: 50px !important;padding-bottom: 50px !important;}&#8221;][vc_column width=&#8221;2\/3&#8243;][vc_column_text]1 alkalom v\u00edv\u00e1s csak saj\u00e1t cuccal[\/vc_column_text][\/vc_column][vc_column width=&#8221;1\/3&#8243;][vc_column_text]\n<p style=\"text-align: justify;\"><b>7.000 Ft \/ alkalom<\/b><\/p>\n[\/vc_column_text][\/vc_column][\/vc_row][vc_row full_width=&#8221;stretch_row&#8221; css=&#8221;.vc_custom_1559209815139{padding-top: 50px !important;padding-bottom: 50px !important;}&#8221;][vc_column width=&#8221;2\/3&#8243;][vc_column_text]1 alkalom v\u00edv\u00e1s hi\u00e1nyos felszerel\u00e9ssel[\/vc_column_text][\/vc_column][vc_column width=&#8221;1\/3&#8243;][vc_column_text]\n<p style=\"text-align: justify;\"><b>11.000 Ft \/ alkalom<\/b><\/p>\n[\/vc_column_text][\/vc_column][\/vc_row][vc_row full_width=&#8221;stretch_row&#8221; css=&#8221;.vc_custom_1559209815139{padding-top: 50px !important;padding-bottom: 50px !important;}&#8221;][vc_column width=&#8221;2\/3&#8243;][vc_column_text]1 alkalom v\u00edv\u00e1s teljes felszerel\u00e9ssel[\/vc_column_text][\/vc_column][vc_column width=&#8221;1\/3&#8243;][vc_column_text]\n<p style=\"text-align: justify;\"><b>17.000 Ft \/ alkalom<\/b><\/p>\n[\/vc_column_text][\/vc_column][\/vc_row][vc_row full_width=&#8221;stretch_row&#8221; css_animation=&#8221;fadeIn&#8221; css=&#8221;.vc_custom_1560412661149{background-color: #fcfa2c !important;}&#8221;][vc_column][vc_column_text]\n<h4><span style=\"color: #000000;\">Tagd\u00edj<\/span><\/h4>\n[\/vc_column_text][\/vc_column][\/vc_row][vc_row full_width=&#8221;stretch_row&#8221; css=&#8221;.vc_custom_1559209815139{padding-top: 50px !important;padding-bottom: 50px !important;}&#8221;][vc_column width=&#8221;2\/3&#8243;][vc_column_text]Havi tagd\u00edj \/ korl\u00e1tlan v\u00edv\u00e1s, havi 1 iskol\u00e1z\u00e1s<br \/>\n(15 perc) , szekr\u00e9ny, h\u00e1ziverseny vacsora n\u00e9lk\u00fcl[\/vc_column_text][\/vc_column][vc_column width=&#8221;1\/3&#8243;][vc_column_text]\n<p style=\"text-align: justify;\"><b>30.000 Ft \/ h\u00f3nap<\/b><\/p>\n[\/vc_column_text][\/vc_column][\/vc_row][vc_row full_width=&#8221;stretch_row&#8221; css=&#8221;.vc_custom_1559209815139{padding-top: 50px !important;padding-bottom: 50px !important;}&#8221;][vc_column width=&#8221;2\/3&#8243;][vc_column_text]Havi tagd\u00edj r\u00e9szleges felszerel\u00e9ssel \/ korl\u00e1tlan v\u00edv\u00e1s, havi<br \/>\n1 iskol\u00e1z\u00e1s (15 perc) , szekr\u00e9ny, h\u00e1ziverseny vacsora n\u00e9lk\u00fcl,<br \/>\neszk\u00f6z\u00f6k k\u00f6lcs\u00f6nad\u00e1sa ( p\u00e1rbajt\u0151r, vezet\u00e9k stb. )[\/vc_column_text][\/vc_column][vc_column width=&#8221;1\/3&#8243;][vc_column_text]\n<p style=\"text-align: justify;\"><strong>37.000 Ft \/ h\u00f3nap \/ f\u0151<\/strong><\/p>\n[\/vc_column_text][\/vc_column][\/vc_row][vc_row full_width=&#8221;stretch_row&#8221; css=&#8221;.vc_custom_1559209815139{padding-top: 50px !important;padding-bottom: 50px !important;}&#8221;][vc_column width=&#8221;2\/3&#8243;][vc_column_text]\n<p style=\"text-align: justify;\"><strong>Ha a k\u00f6lcs\u00f6nadott fegyver elt\u00f6rik, elromlik, akkor annak a megjav\u00edt\u00e1sa a k\u00f6lcs\u00f6nvev\u0151t terheli ak\u00e1r tagd\u00edjas, ak\u00e1r tanfolyamos, ak\u00e1r alkalmi v\u00edv\u00f3r\u00f3l van sz\u00f3.<\/strong><\/p>\n[\/vc_column_text][\/vc_column][vc_column width=&#8221;1\/3&#8243;][\/vc_column][\/vc_row][vc_row full_width=&#8221;stretch_row&#8221; css_animation=&#8221;fadeIn&#8221; css=&#8221;.vc_custom_1560412675375{background-color: #fcfa2c !important;}&#8221;][vc_column][vc_column_text]\n<h4><span style=\"color: #000000;\">Kamasz &#8211; Halad\u00f3<\/span><\/h4>\n[\/vc_column_text][\/vc_column][\/vc_row][vc_row full_width=&#8221;stretch_row&#8221; css=&#8221;.vc_custom_1559209815139{padding-top: 50px !important;padding-bottom: 50px !important;}&#8221;][vc_column width=&#8221;2\/3&#8243;][vc_column_text]Heti 4 x 1,5 &#8211; 2 \u00f3ra[\/vc_column_text][\/vc_column][vc_column width=&#8221;1\/3&#8243;][vc_column_text]\n<p style=\"text-align: justify;\"><strong>30.000 Ft<\/strong><\/p>\n[\/vc_column_text][\/vc_column][\/vc_row][vc_row full_width=&#8221;stretch_row&#8221; css_animation=&#8221;fadeIn&#8221; css=&#8221;.vc_custom_1560412684103{background-color: #fcfa2c !important;}&#8221;][vc_column][vc_column_text]\n<h4><span style=\"color: #000000;\"><strong>Gyermek &#8211; Halad\u00f3<\/strong><\/span><\/h4>\n[\/vc_column_text][\/vc_column][\/vc_row][vc_row full_width=&#8221;stretch_row&#8221; css=&#8221;.vc_custom_1559209815139{padding-top: 50px !important;padding-bottom: 50px !important;}&#8221;][vc_column width=&#8221;2\/3&#8243;][vc_column_text]Heti 4 x 1,5 &#8211; 2 \u00f3ra[\/vc_column_text][\/vc_column][vc_column width=&#8221;1\/3&#8243;][vc_column_text]\n<p style=\"text-align: justify;\"><strong>30.000 Ft<\/strong><\/p>\n[\/vc_column_text][\/vc_column][\/vc_row][vc_row full_width=&#8221;stretch_row&#8221; css_animation=&#8221;fadeIn&#8221; css=&#8221;.vc_custom_1560412692720{background-color: #fcfa2c !important;}&#8221;][vc_column][vc_column_text]\n<h4><span style=\"color: #000000;\"><strong>Mini gyermek (6-9 \u00e9ves korig) \/ t\u0151r<\/strong><\/span><\/h4>\n[\/vc_column_text][\/vc_column][\/vc_row][vc_row full_width=&#8221;stretch_row&#8221; css=&#8221;.vc_custom_1559209815139{padding-top: 50px !important;padding-bottom: 50px !important;}&#8221;][vc_column width=&#8221;2\/3&#8243;][vc_column_text]Heti 2 x 1 \u00f3ra[\/vc_column_text][\/vc_column][vc_column width=&#8221;1\/3&#8243;][vc_column_text]\n<p style=\"text-align: justify;\"><strong>30.000 Ft<\/strong><\/p>\n[\/vc_column_text][\/vc_column][\/vc_row][vc_row full_width=&#8221;stretch_row&#8221; css_animation=&#8221;fadeIn&#8221; css=&#8221;.vc_custom_1560412703006{background-color: #fcfa2c !important;}&#8221;][vc_column][vc_column_text]\n<h4><span style=\"color: #000000;\"><strong>Kezd\u0151 gyerek (9-14 \u00e9ves korig) \/ p\u00e1rbajt\u0151r<\/strong><\/span><\/h4>\n[\/vc_column_text][\/vc_column][\/vc_row][vc_row full_width=&#8221;stretch_row&#8221; css=&#8221;.vc_custom_1559209815139{padding-top: 50px !important;padding-bottom: 50px !important;}&#8221;][vc_column width=&#8221;2\/3&#8243;][vc_column_text]Heti 2 x 1 \u00f3ra[\/vc_column_text][\/vc_column][vc_column width=&#8221;1\/3&#8243;][vc_column_text]\n<p style=\"text-align: justify;\"><strong>30.000 Ft<\/strong><\/p>\n[\/vc_column_text][\/vc_column][\/vc_row][vc_row full_width=&#8221;stretch_row&#8221; css_animation=&#8221;fadeIn&#8221; css=&#8221;.vc_custom_1560412711366{background-color: #fcfa2c !important;}&#8221;][vc_column][vc_column_text]\n<h4><span style=\"color: #000000;\"><strong>Kezd\u0151 kamasz (14-18 \u00e9ves korig) \/ p\u00e1rbajt\u0151r<\/strong><\/span><\/h4>\n[\/vc_column_text][\/vc_column][\/vc_row][vc_row full_width=&#8221;stretch_row&#8221; css=&#8221;.vc_custom_1559209815139{padding-top: 50px !important;padding-bottom: 50px !important;}&#8221;][vc_column width=&#8221;2\/3&#8243;][vc_column_text]Heti 2 x 1 \u00f3ra[\/vc_column_text][\/vc_column][vc_column width=&#8221;1\/3&#8243;][vc_column_text]\n<p style=\"text-align: justify;\"><strong>30.000 Ft<\/strong><\/p>\n[\/vc_column_text][\/vc_column][\/vc_row][vc_row full_width=&#8221;stretch_row&#8221; css_animation=&#8221;fadeIn&#8221; css=&#8221;.vc_custom_1560412720923{background-color: #fcfa2c !important;}&#8221;][vc_column][vc_column_text]\n<h4><span style=\"color: #000000;\"><strong>Pr\u00f3ba v\u00edv\u00e1s<\/strong><\/span><\/h4>\n[\/vc_column_text][\/vc_column][\/vc_row][vc_row full_width=&#8221;stretch_row&#8221; css=&#8221;.vc_custom_1559209815139{padding-top: 50px !important;padding-bottom: 50px !important;}&#8221;][vc_column width=&#8221;2\/3&#8243;][vc_column_text]30 perc[\/vc_column_text][\/vc_column][vc_column width=&#8221;1\/3&#8243;][vc_column_text]\n<p style=\"text-align: justify;\"><strong>15.000 Ft<\/strong><\/p>\n[\/vc_column_text][\/vc_column][\/vc_row][vc_row full_width=&#8221;stretch_row&#8221; css_animation=&#8221;fadeIn&#8221; css=&#8221;.vc_custom_1560412731477{background-color: #fcfa2c !important;}&#8221;][vc_column][vc_column_text]\n<h4><span style=\"color: #000000;\"><strong>Iskol\u00e1z\u00e1s<\/strong><\/span><\/h4>\n[\/vc_column_text][\/vc_column][\/vc_row][vc_row full_width=&#8221;stretch_row&#8221; css=&#8221;.vc_custom_1559209815139{padding-top: 50px !important;padding-bottom: 50px !important;}&#8221;][vc_column width=&#8221;2\/3&#8243;][vc_column_text]15 perc[\/vc_column_text][\/vc_column][vc_column width=&#8221;1\/3&#8243;][vc_column_text]\n<p style=\"text-align: justify;\"><strong>4.000 Ft<\/strong><\/p>\n[\/vc_column_text][\/vc_column][\/vc_row][vc_row full_width=&#8221;stretch_row&#8221; css_animation=&#8221;fadeIn&#8221; css=&#8221;.vc_custom_1560412739671{background-color: #fcfa2c !important;}&#8221;][vc_column][vc_column_text]\n<h4><span style=\"color: #000000;\"><strong>Mag\u00e1n\u00f3ra<\/strong><\/span><\/h4>\n[\/vc_column_text][\/vc_column][\/vc_row][vc_row full_width=&#8221;stretch_row&#8221; css=&#8221;.vc_custom_1559209815139{padding-top: 50px !important;padding-bottom: 50px !important;}&#8221;][vc_column width=&#8221;2\/3&#8243;][vc_column_text]Mag\u00e1n\u00f3ra ( tanfolyam helyett )[\/vc_column_text][\/vc_column][vc_column width=&#8221;1\/3&#8243;][vc_column_text]\n<p style=\"text-align: justify;\"><strong>20.000 Ft \/ \u00f3ra<\/strong><\/p>\n[\/vc_column_text][\/vc_column][\/vc_row][vc_row full_width=&#8221;stretch_row&#8221; css_animation=&#8221;fadeIn&#8221; css=&#8221;.vc_custom_1560412739671{background-color: #fcfa2c !important;}&#8221;][vc_column][vc_column_text]\n<h4><span style=\"color: #000000;\"><strong>10 alkalmas b\u00e9rlet\u00a0<\/strong><\/span><\/h4>\n[\/vc_column_text][\/vc_column][\/vc_row][vc_row full_width=&#8221;stretch_row&#8221; css=&#8221;.vc_custom_1559209815139{padding-top: 50px !important;padding-bottom: 50px !important;}&#8221;][vc_column width=&#8221;2\/3&#8243;][vc_column_text]3 h\u00f3nap alatt lej\u00e1rand\u00f3, teljes felszerel\u00e9ssel[\/vc_column_text][\/vc_column][vc_column width=&#8221;1\/3&#8243;][vc_column_text]\n<p style=\"text-align: justify;\"><strong>65.000 Ft \/ 3 h\u00f3nap<\/strong><\/p>\n[\/vc_column_text][\/vc_column][\/vc_row][vc_row full_width=&#8221;stretch_row&#8221; css=&#8221;.vc_custom_1559209815139{padding-top: 50px !important;padding-bottom: 50px !important;}&#8221;][vc_column width=&#8221;2\/3&#8243;][vc_column_text]3 h\u00f3nap alatt lej\u00e1rand\u00f3, r\u00e9szleges felszerel\u00e9ssel, vagy felszerel\u00e9s n\u00e9lk\u00fcl[\/vc_column_text][\/vc_column][vc_column width=&#8221;1\/3&#8243;][vc_column_text]\n<p style=\"text-align: justify;\"><strong>100.000 Ft \/ 3 h\u00f3nap<\/strong><\/p>\n[\/vc_column_text][\/vc_column][\/vc_row]\n","protected":false},"excerpt":{"rendered":"<p>[vc_row full_width=&#8221;stretch_row&#8221; css_animation=&#8221;fadeIn&#8221; css=&#8221;.vc_custom_1560412661149{background-color: #fcfa2c !important;}&#8221;][vc_column][vc_column_text] Feln\u0151tt Tanfolyam[\/vc_column_text][\/vc_column][\/vc_row][vc_row full_width=&#8221;stretch_row&#8221; css=&#8221;.vc_custom_1559209815139{padding-top: 50px !important;padding-bottom: 50px !important;}&#8221;][vc_column width=&#8221;2\/3&#8243;][vc_column_text]30 alkalomb\u00f3l \u00e1ll\u00f3 feln\u0151tt tanfolyam[\/vc_column_text][\/vc_column][vc_column width=&#8221;1\/3&#8243;][vc_column_text]<\/p>\n","protected":false},"author":1,"featured_media":0,"parent":0,"menu_order":0,"comment_status":"closed","ping_status":"closed","template":"","meta":{"footnotes":""},"class_list":["post-8","page","type-page","status-publish","hentry"],"_links":{"self":[{"href":"https:\/\/vivoterem.hu\/en\/wp-json\/wp\/v2\/pages\/8","targetHints":{"allow":["GET"]}}],"collection":[{"href":"https:\/\/vivoterem.hu\/en\/wp-json\/wp\/v2\/pages"}],"about":[{"href":"https:\/\/vivoterem.hu\/en\/wp-json\/wp\/v2\/types\/page"}],"author":[{"embeddable":true,"href":"https:\/\/vivoterem.hu\/en\/wp-json\/wp\/v2\/users\/1"}],"replies":[{"embeddable":true,"href":"https:\/\/vivoterem.hu\/en\/wp-json\/wp\/v2\/comments?post=8"}],"version-history":[{"count":65,"href":"https:\/\/vivoterem.hu\/en\/wp-json\/wp\/v2\/pages\/8\/revisions"}],"predecessor-version":[{"id":822,"href":"https:\/\/vivoterem.hu\/en\/wp-json\/wp\/v2\/pages\/8\/revisions\/822"}],"wp:attachment":[{"href":"https:\/\/vivoterem.hu\/en\/wp-json\/wp\/v2\/media?parent=8"}],"curies":[{"name":"wp","href":"https:\/\/api.w.org\/{rel}","templated":true}]}}